{"id":1542,"date":"2022-02-24T09:31:47","date_gmt":"2022-02-24T08:31:47","guid":{"rendered":"https:\/\/ottella.zerotredici.app\/vini\/"},"modified":"2022-07-13T09:42:05","modified_gmt":"2022-07-13T07:42:05","slug":"weine","status":"publish","type":"page","link":"https:\/\/ottella.zerotredici.app\/de\/weine\/","title":{"rendered":"Weine"},"content":{"rendered":"","protected":false},"excerpt":{"rendered":"","protected":false},"author":1,"featured_media":0,"parent":0,"menu_order":20,"comment_status":"closed","ping_status":"closed","template":"page_WINES.php","meta":{"_acf_changed":false,"footnotes":""},"class_list":["post-1542","page","type-page","status-publish","hentry"],"acf":[],"yoast_head":"<!-- This site is optimized with the Yoast SEO plugin v23.9 - https:\/\/yoast.com\/wordpress\/plugins\/seo\/ -->\n<title>Weine und andere Produkte | Cantina Ottella<\/title>\n<meta name=\"description\" content=\"Lugana DOC von Cantina Ottella und gro\u00dfe Weine des Gardasees: wei\u00dfe, rote und Ros\u00e9- und Schaumweine, dazu Grappas und Oliven\u00f6l: Entdecken Sie die Produkte.\" \/>\n<meta name=\"robots\" content=\"index, follow, max-snippet:-1, max-image-preview:large, max-video-preview:-1\" \/>\n<link rel=\"canonical\" href=\"https:\/\/ottella.zerotredici.app\/de\/weine\/\" \/>\n<meta property=\"og:locale\" content=\"de_DE\" \/>\n<meta property=\"og:type\" content=\"article\" \/>\n<meta property=\"og:title\" content=\"Weine und andere Produkte | Cantina Ottella\" \/>\n<meta property=\"og:description\" content=\"Lugana DOC von Cantina Ottella und gro\u00dfe Weine des Gardasees: wei\u00dfe, rote und Ros\u00e9- und Schaumweine, dazu Grappas und Oliven\u00f6l: Entdecken Sie die Produkte.\" \/>\n<meta property=\"og:url\" content=\"https:\/\/ottella.zerotredici.app\/de\/weine\/\" \/>\n<meta property=\"og:site_name\" content=\"Ottella\" \/>\n<meta property=\"article:modified_time\" content=\"2022-07-13T07:42:05+00:00\" \/>\n<meta name=\"twitter:card\" content=\"summary_large_image\" \/>\n<script type=\"application\/ld+json\" class=\"yoast-schema-graph\">{\"@context\":\"https:\/\/schema.org\",\"@graph\":[{\"@type\":\"WebPage\",\"@id\":\"https:\/\/ottella.zerotredici.app\/de\/weine\/\",\"url\":\"https:\/\/ottella.zerotredici.app\/de\/weine\/\",\"name\":\"Weine und andere Produkte | Cantina Ottella\",\"isPartOf\":{\"@id\":\"https:\/\/ottella.zerotredici.app\/de\/#website\"},\"datePublished\":\"2022-02-24T08:31:47+00:00\",\"dateModified\":\"2022-07-13T07:42:05+00:00\",\"description\":\"Lugana DOC von Cantina Ottella und gro\u00dfe Weine des Gardasees: wei\u00dfe, rote und Ros\u00e9- und Schaumweine, dazu Grappas und Oliven\u00f6l: Entdecken Sie die Produkte.\",\"breadcrumb\":{\"@id\":\"https:\/\/ottella.zerotredici.app\/de\/weine\/#breadcrumb\"},\"inLanguage\":\"de\",\"potentialAction\":[{\"@type\":\"ReadAction\",\"target\":[\"https:\/\/ottella.zerotredici.app\/de\/weine\/\"]}]},{\"@type\":\"BreadcrumbList\",\"@id\":\"https:\/\/ottella.zerotredici.app\/de\/weine\/#breadcrumb\",\"itemListElement\":[{\"@type\":\"ListItem\",\"position\":1,\"name\":\"Home\",\"item\":\"https:\/\/ottella.zerotredici.app\/de\/\"},{\"@type\":\"ListItem\",\"position\":2,\"name\":\"Weine\"}]},{\"@type\":\"WebSite\",\"@id\":\"https:\/\/ottella.zerotredici.app\/de\/#website\",\"url\":\"https:\/\/ottella.zerotredici.app\/de\/\",\"name\":\"Ottella\",\"description\":\"\",\"potentialAction\":[{\"@type\":\"SearchAction\",\"target\":{\"@type\":\"EntryPoint\",\"urlTemplate\":\"https:\/\/ottella.zerotredici.app\/de\/?s={search_term_string}\"},\"query-input\":{\"@type\":\"PropertyValueSpecification\",\"valueRequired\":true,\"valueName\":\"search_term_string\"}}],\"inLanguage\":\"de\"}]}<\/script>\n<!-- \/ Yoast SEO plugin. -->","yoast_head_json":{"title":"Weine und andere Produkte | Cantina Ottella","description":"Lugana DOC von Cantina Ottella und gro\u00dfe Weine des Gardasees: wei\u00dfe, rote und Ros\u00e9- und Schaumweine, dazu Grappas und Oliven\u00f6l: Entdecken Sie die Produkte.","robots":{"index":"index","follow":"follow","max-snippet":"max-snippet:-1","max-image-preview":"max-image-preview:large","max-video-preview":"max-video-preview:-1"},"canonical":"https:\/\/ottella.zerotredici.app\/de\/weine\/","og_locale":"de_DE","og_type":"article","og_title":"Weine und andere Produkte | Cantina Ottella","og_description":"Lugana DOC von Cantina Ottella und gro\u00dfe Weine des Gardasees: wei\u00dfe, rote und Ros\u00e9- und Schaumweine, dazu Grappas und Oliven\u00f6l: Entdecken Sie die Produkte.","og_url":"https:\/\/ottella.zerotredici.app\/de\/weine\/","og_site_name":"Ottella","article_modified_time":"2022-07-13T07:42:05+00:00","twitter_card":"summary_large_image","schema":{"@context":"https:\/\/schema.org","@graph":[{"@type":"WebPage","@id":"https:\/\/ottella.zerotredici.app\/de\/weine\/","url":"https:\/\/ottella.zerotredici.app\/de\/weine\/","name":"Weine und andere Produkte | Cantina Ottella","isPartOf":{"@id":"https:\/\/ottella.zerotredici.app\/de\/#website"},"datePublished":"2022-02-24T08:31:47+00:00","dateModified":"2022-07-13T07:42:05+00:00","description":"Lugana DOC von Cantina Ottella und gro\u00dfe Weine des Gardasees: wei\u00dfe, rote und Ros\u00e9- und Schaumweine, dazu Grappas und Oliven\u00f6l: Entdecken Sie die Produkte.","breadcrumb":{"@id":"https:\/\/ottella.zerotredici.app\/de\/weine\/#breadcrumb"},"inLanguage":"de","potentialAction":[{"@type":"ReadAction","target":["https:\/\/ottella.zerotredici.app\/de\/weine\/"]}]},{"@type":"BreadcrumbList","@id":"https:\/\/ottella.zerotredici.app\/de\/weine\/#breadcrumb","itemListElement":[{"@type":"ListItem","position":1,"name":"Home","item":"https:\/\/ottella.zerotredici.app\/de\/"},{"@type":"ListItem","position":2,"name":"Weine"}]},{"@type":"WebSite","@id":"https:\/\/ottella.zerotredici.app\/de\/#website","url":"https:\/\/ottella.zerotredici.app\/de\/","name":"Ottella","description":"","potentialAction":[{"@type":"SearchAction","target":{"@type":"EntryPoint","urlTemplate":"https:\/\/ottella.zerotredici.app\/de\/?s={search_term_string}"},"query-input":{"@type":"PropertyValueSpecification","valueRequired":true,"valueName":"search_term_string"}}],"inLanguage":"de"}]}},"wps_subtitle":"","_links":{"self":[{"href":"https:\/\/ottella.zerotredici.app\/de\/wp-json\/wp\/v2\/pages\/1542","targetHints":{"allow":["GET"]}}],"collection":[{"href":"https:\/\/ottella.zerotredici.app\/de\/wp-json\/wp\/v2\/pages"}],"about":[{"href":"https:\/\/ottella.zerotredici.app\/de\/wp-json\/wp\/v2\/types\/page"}],"author":[{"embeddable":true,"href":"https:\/\/ottella.zerotredici.app\/de\/wp-json\/wp\/v2\/users\/1"}],"replies":[{"embeddable":true,"href":"https:\/\/ottella.zerotredici.app\/de\/wp-json\/wp\/v2\/comments?post=1542"}],"version-history":[{"count":2,"href":"https:\/\/ottella.zerotredici.app\/de\/wp-json\/wp\/v2\/pages\/1542\/revisions"}],"predecessor-version":[{"id":1703,"href":"https:\/\/ottella.zerotredici.app\/de\/wp-json\/wp\/v2\/pages\/1542\/revisions\/1703"}],"wp:attachment":[{"href":"https:\/\/ottella.zerotredici.app\/de\/wp-json\/wp\/v2\/media?parent=1542"}],"curies":[{"name":"wp","href":"https:\/\/api.w.org\/{rel}","templated":true}]}}