{"id":1546,"date":"2022-02-24T09:41:08","date_gmt":"2022-02-24T08:41:08","guid":{"rendered":"https:\/\/ottella.zerotredici.app\/vini\/back-to-silence\/"},"modified":"2025-05-15T14:48:17","modified_gmt":"2025-05-15T12:48:17","slug":"back-to-silence","status":"publish","type":"page","link":"https:\/\/ottella.zerotredici.app\/de\/weine\/back-to-silence\/","title":{"rendered":"Back To Silence"},"content":{"rendered":"","protected":false},"excerpt":{"rendered":"","protected":false},"author":1,"featured_media":3489,"parent":1542,"menu_order":4,"comment_status":"closed","ping_status":"closed","template":"page_SINGLE_WINE.php","meta":{"_acf_changed":false,"footnotes":""},"class_list":["post-1546","page","type-page","status-publish","has-post-thumbnail","hentry"],"acf":[],"yoast_head":"<!-- This site is optimized with the Yoast SEO plugin v23.9 - https:\/\/yoast.com\/wordpress\/plugins\/seo\/ -->\n<title>Back to Silence - Lugana DOC | Cantina Ottella<\/title>\n<meta name=\"description\" content=\"Back to Silence von Ottella, ein echter Lugana: Mazeration auf Schalen, G\u00e4rung in Amphoren f\u00fcr fruchtige und feine rauchige Noten. Lassen Sie sich verbl\u00fcffen.\" \/>\n<meta name=\"robots\" content=\"index, follow, max-snippet:-1, max-image-preview:large, max-video-preview:-1\" \/>\n<link rel=\"canonical\" href=\"https:\/\/ottella.zerotredici.app\/de\/weine\/back-to-silence\/\" \/>\n<meta property=\"og:locale\" content=\"de_DE\" \/>\n<meta property=\"og:type\" content=\"article\" \/>\n<meta property=\"og:title\" content=\"Back to Silence - Lugana DOC | Cantina Ottella\" \/>\n<meta property=\"og:description\" content=\"Back to Silence von Ottella, ein echter Lugana: Mazeration auf Schalen, G\u00e4rung in Amphoren f\u00fcr fruchtige und feine rauchige Noten. Lassen Sie sich verbl\u00fcffen.\" \/>\n<meta property=\"og:url\" content=\"https:\/\/ottella.zerotredici.app\/de\/weine\/back-to-silence\/\" \/>\n<meta property=\"og:site_name\" content=\"Ottella\" \/>\n<meta property=\"article:modified_time\" content=\"2025-05-15T12:48:17+00:00\" \/>\n<meta property=\"og:image\" content=\"https:\/\/ottella.zerotredici.app\/wp-content\/uploads\/2024\/09\/BACKTOSILENCE_M-senza-fascetta-1.png\" \/>\n\t<meta property=\"og:image:width\" content=\"960\" \/>\n\t<meta property=\"og:image:height\" content=\"2400\" \/>\n\t<meta property=\"og:image:type\" content=\"image\/png\" \/>\n<meta name=\"twitter:card\" content=\"summary_large_image\" \/>\n<script type=\"application\/ld+json\" class=\"yoast-schema-graph\">{\"@context\":\"https:\/\/schema.org\",\"@graph\":[{\"@type\":\"WebPage\",\"@id\":\"https:\/\/ottella.zerotredici.app\/de\/weine\/back-to-silence\/\",\"url\":\"https:\/\/ottella.zerotredici.app\/de\/weine\/back-to-silence\/\",\"name\":\"Back to Silence - Lugana DOC | Cantina Ottella\",\"isPartOf\":{\"@id\":\"https:\/\/ottella.zerotredici.app\/de\/#website\"},\"primaryImageOfPage\":{\"@id\":\"https:\/\/ottella.zerotredici.app\/de\/weine\/back-to-silence\/#primaryimage\"},\"image\":{\"@id\":\"https:\/\/ottella.zerotredici.app\/de\/weine\/back-to-silence\/#primaryimage\"},\"thumbnailUrl\":\"https:\/\/ottella.zerotredici.app\/wp-content\/uploads\/2024\/09\/BACKTOSILENCE_M-senza-fascetta-1.png\",\"datePublished\":\"2022-02-24T08:41:08+00:00\",\"dateModified\":\"2025-05-15T12:48:17+00:00\",\"description\":\"Back to Silence von Ottella, ein echter Lugana: Mazeration auf Schalen, G\u00e4rung in Amphoren f\u00fcr fruchtige und feine rauchige Noten. Lassen Sie sich verbl\u00fcffen.\",\"breadcrumb\":{\"@id\":\"https:\/\/ottella.zerotredici.app\/de\/weine\/back-to-silence\/#breadcrumb\"},\"inLanguage\":\"de\",\"potentialAction\":[{\"@type\":\"ReadAction\",\"target\":[\"https:\/\/ottella.zerotredici.app\/de\/weine\/back-to-silence\/\"]}]},{\"@type\":\"ImageObject\",\"inLanguage\":\"de\",\"@id\":\"https:\/\/ottella.zerotredici.app\/de\/weine\/back-to-silence\/#primaryimage\",\"url\":\"https:\/\/ottella.zerotredici.app\/wp-content\/uploads\/2024\/09\/BACKTOSILENCE_M-senza-fascetta-1.png\",\"contentUrl\":\"https:\/\/ottella.zerotredici.app\/wp-content\/uploads\/2024\/09\/BACKTOSILENCE_M-senza-fascetta-1.png\",\"width\":960,\"height\":2400},{\"@type\":\"BreadcrumbList\",\"@id\":\"https:\/\/ottella.zerotredici.app\/de\/weine\/back-to-silence\/#breadcrumb\",\"itemListElement\":[{\"@type\":\"ListItem\",\"position\":1,\"name\":\"Home\",\"item\":\"https:\/\/ottella.zerotredici.app\/de\/\"},{\"@type\":\"ListItem\",\"position\":2,\"name\":\"Weine\",\"item\":\"https:\/\/ottella.zerotredici.app\/de\/vini\/\"},{\"@type\":\"ListItem\",\"position\":3,\"name\":\"Back To Silence\"}]},{\"@type\":\"WebSite\",\"@id\":\"https:\/\/ottella.zerotredici.app\/de\/#website\",\"url\":\"https:\/\/ottella.zerotredici.app\/de\/\",\"name\":\"Ottella\",\"description\":\"\",\"potentialAction\":[{\"@type\":\"SearchAction\",\"target\":{\"@type\":\"EntryPoint\",\"urlTemplate\":\"https:\/\/ottella.zerotredici.app\/de\/?s={search_term_string}\"},\"query-input\":{\"@type\":\"PropertyValueSpecification\",\"valueRequired\":true,\"valueName\":\"search_term_string\"}}],\"inLanguage\":\"de\"}]}<\/script>\n<!-- \/ Yoast SEO plugin. -->","yoast_head_json":{"title":"Back to Silence - Lugana DOC | Cantina Ottella","description":"Back to Silence von Ottella, ein echter Lugana: Mazeration auf Schalen, G\u00e4rung in Amphoren f\u00fcr fruchtige und feine rauchige Noten. Lassen Sie sich verbl\u00fcffen.","robots":{"index":"index","follow":"follow","max-snippet":"max-snippet:-1","max-image-preview":"max-image-preview:large","max-video-preview":"max-video-preview:-1"},"canonical":"https:\/\/ottella.zerotredici.app\/de\/weine\/back-to-silence\/","og_locale":"de_DE","og_type":"article","og_title":"Back to Silence - Lugana DOC | Cantina Ottella","og_description":"Back to Silence von Ottella, ein echter Lugana: Mazeration auf Schalen, G\u00e4rung in Amphoren f\u00fcr fruchtige und feine rauchige Noten. Lassen Sie sich verbl\u00fcffen.","og_url":"https:\/\/ottella.zerotredici.app\/de\/weine\/back-to-silence\/","og_site_name":"Ottella","article_modified_time":"2025-05-15T12:48:17+00:00","og_image":[{"width":960,"height":2400,"url":"https:\/\/ottella.zerotredici.app\/wp-content\/uploads\/2024\/09\/BACKTOSILENCE_M-senza-fascetta-1.png","type":"image\/png"}],"twitter_card":"summary_large_image","schema":{"@context":"https:\/\/schema.org","@graph":[{"@type":"WebPage","@id":"https:\/\/ottella.zerotredici.app\/de\/weine\/back-to-silence\/","url":"https:\/\/ottella.zerotredici.app\/de\/weine\/back-to-silence\/","name":"Back to Silence - Lugana DOC | Cantina Ottella","isPartOf":{"@id":"https:\/\/ottella.zerotredici.app\/de\/#website"},"primaryImageOfPage":{"@id":"https:\/\/ottella.zerotredici.app\/de\/weine\/back-to-silence\/#primaryimage"},"image":{"@id":"https:\/\/ottella.zerotredici.app\/de\/weine\/back-to-silence\/#primaryimage"},"thumbnailUrl":"https:\/\/ottella.zerotredici.app\/wp-content\/uploads\/2024\/09\/BACKTOSILENCE_M-senza-fascetta-1.png","datePublished":"2022-02-24T08:41:08+00:00","dateModified":"2025-05-15T12:48:17+00:00","description":"Back to Silence von Ottella, ein echter Lugana: Mazeration auf Schalen, G\u00e4rung in Amphoren f\u00fcr fruchtige und feine rauchige Noten. Lassen Sie sich verbl\u00fcffen.","breadcrumb":{"@id":"https:\/\/ottella.zerotredici.app\/de\/weine\/back-to-silence\/#breadcrumb"},"inLanguage":"de","potentialAction":[{"@type":"ReadAction","target":["https:\/\/ottella.zerotredici.app\/de\/weine\/back-to-silence\/"]}]},{"@type":"ImageObject","inLanguage":"de","@id":"https:\/\/ottella.zerotredici.app\/de\/weine\/back-to-silence\/#primaryimage","url":"https:\/\/ottella.zerotredici.app\/wp-content\/uploads\/2024\/09\/BACKTOSILENCE_M-senza-fascetta-1.png","contentUrl":"https:\/\/ottella.zerotredici.app\/wp-content\/uploads\/2024\/09\/BACKTOSILENCE_M-senza-fascetta-1.png","width":960,"height":2400},{"@type":"BreadcrumbList","@id":"https:\/\/ottella.zerotredici.app\/de\/weine\/back-to-silence\/#breadcrumb","itemListElement":[{"@type":"ListItem","position":1,"name":"Home","item":"https:\/\/ottella.zerotredici.app\/de\/"},{"@type":"ListItem","position":2,"name":"Weine","item":"https:\/\/ottella.zerotredici.app\/de\/vini\/"},{"@type":"ListItem","position":3,"name":"Back To Silence"}]},{"@type":"WebSite","@id":"https:\/\/ottella.zerotredici.app\/de\/#website","url":"https:\/\/ottella.zerotredici.app\/de\/","name":"Ottella","description":"","potentialAction":[{"@type":"SearchAction","target":{"@type":"EntryPoint","urlTemplate":"https:\/\/ottella.zerotredici.app\/de\/?s={search_term_string}"},"query-input":{"@type":"PropertyValueSpecification","valueRequired":true,"valueName":"search_term_string"}}],"inLanguage":"de"}]}},"wps_subtitle":"VINO BIANCO <i>In der amphore<\/i>","_links":{"self":[{"href":"https:\/\/ottella.zerotredici.app\/de\/wp-json\/wp\/v2\/pages\/1546","targetHints":{"allow":["GET"]}}],"collection":[{"href":"https:\/\/ottella.zerotredici.app\/de\/wp-json\/wp\/v2\/pages"}],"about":[{"href":"https:\/\/ottella.zerotredici.app\/de\/wp-json\/wp\/v2\/types\/page"}],"author":[{"embeddable":true,"href":"https:\/\/ottella.zerotredici.app\/de\/wp-json\/wp\/v2\/users\/1"}],"replies":[{"embeddable":true,"href":"https:\/\/ottella.zerotredici.app\/de\/wp-json\/wp\/v2\/comments?post=1546"}],"version-history":[{"count":14,"href":"https:\/\/ottella.zerotredici.app\/de\/wp-json\/wp\/v2\/pages\/1546\/revisions"}],"predecessor-version":[{"id":4235,"href":"https:\/\/ottella.zerotredici.app\/de\/wp-json\/wp\/v2\/pages\/1546\/revisions\/4235"}],"up":[{"embeddable":true,"href":"https:\/\/ottella.zerotredici.app\/de\/wp-json\/wp\/v2\/pages\/1542"}],"wp:featuredmedia":[{"embeddable":true,"href":"https:\/\/ottella.zerotredici.app\/de\/wp-json\/wp\/v2\/media\/3489"}],"wp:attachment":[{"href":"https:\/\/ottella.zerotredici.app\/de\/wp-json\/wp\/v2\/media?parent=1546"}],"curies":[{"name":"wp","href":"https:\/\/api.w.org\/{rel}","templated":true}]}}