{"id":1547,"date":"2022-03-30T15:04:40","date_gmt":"2022-03-30T13:04:40","guid":{"rendered":"https:\/\/ottella.zerotredici.app\/vini\/nasomatto\/"},"modified":"2025-05-15T14:48:17","modified_gmt":"2025-05-15T12:48:17","slug":"nasomatto","status":"publish","type":"page","link":"https:\/\/ottella.zerotredici.app\/de\/weine\/nasomatto\/","title":{"rendered":"Nasomatto"},"content":{"rendered":"","protected":false},"excerpt":{"rendered":"","protected":false},"author":1,"featured_media":4088,"parent":1542,"menu_order":5,"comment_status":"closed","ping_status":"closed","template":"page_SINGLE_WINE.php","meta":{"_acf_changed":false,"footnotes":""},"class_list":["post-1547","page","type-page","status-publish","has-post-thumbnail","hentry"],"acf":[],"yoast_head":"<!-- This site is optimized with the Yoast SEO plugin v23.9 - https:\/\/yoast.com\/wordpress\/plugins\/seo\/ -->\n<title>Nasomatto - Wei\u00dfwein vom Gardasee | Cantina Ottella<\/title>\n<meta name=\"description\" content=\"Der feine und fruchtige Nasomatto von Ottella ist ein Wei\u00dfwein aus Turbiana, Chardonnay und Incrocio Manzoni und ideal zu Fisch, wei\u00dfem Fleisch und K\u00e4se.\" \/>\n<meta name=\"robots\" content=\"index, follow, max-snippet:-1, max-image-preview:large, max-video-preview:-1\" \/>\n<link rel=\"canonical\" href=\"https:\/\/ottella.zerotredici.app\/de\/weine\/nasomatto\/\" \/>\n<meta property=\"og:locale\" content=\"de_DE\" \/>\n<meta property=\"og:type\" content=\"article\" \/>\n<meta property=\"og:title\" content=\"Nasomatto - Wei\u00dfwein vom Gardasee | Cantina Ottella\" \/>\n<meta property=\"og:description\" content=\"Der feine und fruchtige Nasomatto von Ottella ist ein Wei\u00dfwein aus Turbiana, Chardonnay und Incrocio Manzoni und ideal zu Fisch, wei\u00dfem Fleisch und K\u00e4se.\" \/>\n<meta property=\"og:url\" content=\"https:\/\/ottella.zerotredici.app\/de\/weine\/nasomatto\/\" \/>\n<meta property=\"og:site_name\" content=\"Ottella\" \/>\n<meta property=\"article:modified_time\" content=\"2025-05-15T12:48:17+00:00\" \/>\n<meta property=\"og:image\" content=\"https:\/\/ottella.zerotredici.app\/wp-content\/uploads\/2025\/05\/Nasomatto-bt-scont-IMG_0609.png\" \/>\n\t<meta property=\"og:image:width\" content=\"520\" \/>\n\t<meta property=\"og:image:height\" content=\"1300\" \/>\n\t<meta property=\"og:image:type\" content=\"image\/png\" \/>\n<meta name=\"twitter:card\" content=\"summary_large_image\" \/>\n<script type=\"application\/ld+json\" class=\"yoast-schema-graph\">{\"@context\":\"https:\/\/schema.org\",\"@graph\":[{\"@type\":\"WebPage\",\"@id\":\"https:\/\/ottella.zerotredici.app\/de\/weine\/nasomatto\/\",\"url\":\"https:\/\/ottella.zerotredici.app\/de\/weine\/nasomatto\/\",\"name\":\"Nasomatto - Wei\u00dfwein vom Gardasee | Cantina Ottella\",\"isPartOf\":{\"@id\":\"https:\/\/ottella.zerotredici.app\/de\/#website\"},\"primaryImageOfPage\":{\"@id\":\"https:\/\/ottella.zerotredici.app\/de\/weine\/nasomatto\/#primaryimage\"},\"image\":{\"@id\":\"https:\/\/ottella.zerotredici.app\/de\/weine\/nasomatto\/#primaryimage\"},\"thumbnailUrl\":\"https:\/\/ottella.zerotredici.app\/wp-content\/uploads\/2025\/05\/Nasomatto-bt-scont-IMG_0609.png\",\"datePublished\":\"2022-03-30T13:04:40+00:00\",\"dateModified\":\"2025-05-15T12:48:17+00:00\",\"description\":\"Der feine und fruchtige Nasomatto von Ottella ist ein Wei\u00dfwein aus Turbiana, Chardonnay und Incrocio Manzoni und ideal zu Fisch, wei\u00dfem Fleisch und K\u00e4se.\",\"breadcrumb\":{\"@id\":\"https:\/\/ottella.zerotredici.app\/de\/weine\/nasomatto\/#breadcrumb\"},\"inLanguage\":\"de\",\"potentialAction\":[{\"@type\":\"ReadAction\",\"target\":[\"https:\/\/ottella.zerotredici.app\/de\/weine\/nasomatto\/\"]}]},{\"@type\":\"ImageObject\",\"inLanguage\":\"de\",\"@id\":\"https:\/\/ottella.zerotredici.app\/de\/weine\/nasomatto\/#primaryimage\",\"url\":\"https:\/\/ottella.zerotredici.app\/wp-content\/uploads\/2025\/05\/Nasomatto-bt-scont-IMG_0609.png\",\"contentUrl\":\"https:\/\/ottella.zerotredici.app\/wp-content\/uploads\/2025\/05\/Nasomatto-bt-scont-IMG_0609.png\",\"width\":520,\"height\":1300},{\"@type\":\"BreadcrumbList\",\"@id\":\"https:\/\/ottella.zerotredici.app\/de\/weine\/nasomatto\/#breadcrumb\",\"itemListElement\":[{\"@type\":\"ListItem\",\"position\":1,\"name\":\"Home\",\"item\":\"https:\/\/ottella.zerotredici.app\/de\/\"},{\"@type\":\"ListItem\",\"position\":2,\"name\":\"Weine\",\"item\":\"https:\/\/ottella.zerotredici.app\/de\/vini\/\"},{\"@type\":\"ListItem\",\"position\":3,\"name\":\"Nasomatto\"}]},{\"@type\":\"WebSite\",\"@id\":\"https:\/\/ottella.zerotredici.app\/de\/#website\",\"url\":\"https:\/\/ottella.zerotredici.app\/de\/\",\"name\":\"Ottella\",\"description\":\"\",\"potentialAction\":[{\"@type\":\"SearchAction\",\"target\":{\"@type\":\"EntryPoint\",\"urlTemplate\":\"https:\/\/ottella.zerotredici.app\/de\/?s={search_term_string}\"},\"query-input\":{\"@type\":\"PropertyValueSpecification\",\"valueRequired\":true,\"valueName\":\"search_term_string\"}}],\"inLanguage\":\"de\"}]}<\/script>\n<!-- \/ Yoast SEO plugin. -->","yoast_head_json":{"title":"Nasomatto - Wei\u00dfwein vom Gardasee | Cantina Ottella","description":"Der feine und fruchtige Nasomatto von Ottella ist ein Wei\u00dfwein aus Turbiana, Chardonnay und Incrocio Manzoni und ideal zu Fisch, wei\u00dfem Fleisch und K\u00e4se.","robots":{"index":"index","follow":"follow","max-snippet":"max-snippet:-1","max-image-preview":"max-image-preview:large","max-video-preview":"max-video-preview:-1"},"canonical":"https:\/\/ottella.zerotredici.app\/de\/weine\/nasomatto\/","og_locale":"de_DE","og_type":"article","og_title":"Nasomatto - Wei\u00dfwein vom Gardasee | Cantina Ottella","og_description":"Der feine und fruchtige Nasomatto von Ottella ist ein Wei\u00dfwein aus Turbiana, Chardonnay und Incrocio Manzoni und ideal zu Fisch, wei\u00dfem Fleisch und K\u00e4se.","og_url":"https:\/\/ottella.zerotredici.app\/de\/weine\/nasomatto\/","og_site_name":"Ottella","article_modified_time":"2025-05-15T12:48:17+00:00","og_image":[{"width":520,"height":1300,"url":"https:\/\/ottella.zerotredici.app\/wp-content\/uploads\/2025\/05\/Nasomatto-bt-scont-IMG_0609.png","type":"image\/png"}],"twitter_card":"summary_large_image","schema":{"@context":"https:\/\/schema.org","@graph":[{"@type":"WebPage","@id":"https:\/\/ottella.zerotredici.app\/de\/weine\/nasomatto\/","url":"https:\/\/ottella.zerotredici.app\/de\/weine\/nasomatto\/","name":"Nasomatto - Wei\u00dfwein vom Gardasee | Cantina Ottella","isPartOf":{"@id":"https:\/\/ottella.zerotredici.app\/de\/#website"},"primaryImageOfPage":{"@id":"https:\/\/ottella.zerotredici.app\/de\/weine\/nasomatto\/#primaryimage"},"image":{"@id":"https:\/\/ottella.zerotredici.app\/de\/weine\/nasomatto\/#primaryimage"},"thumbnailUrl":"https:\/\/ottella.zerotredici.app\/wp-content\/uploads\/2025\/05\/Nasomatto-bt-scont-IMG_0609.png","datePublished":"2022-03-30T13:04:40+00:00","dateModified":"2025-05-15T12:48:17+00:00","description":"Der feine und fruchtige Nasomatto von Ottella ist ein Wei\u00dfwein aus Turbiana, Chardonnay und Incrocio Manzoni und ideal zu Fisch, wei\u00dfem Fleisch und K\u00e4se.","breadcrumb":{"@id":"https:\/\/ottella.zerotredici.app\/de\/weine\/nasomatto\/#breadcrumb"},"inLanguage":"de","potentialAction":[{"@type":"ReadAction","target":["https:\/\/ottella.zerotredici.app\/de\/weine\/nasomatto\/"]}]},{"@type":"ImageObject","inLanguage":"de","@id":"https:\/\/ottella.zerotredici.app\/de\/weine\/nasomatto\/#primaryimage","url":"https:\/\/ottella.zerotredici.app\/wp-content\/uploads\/2025\/05\/Nasomatto-bt-scont-IMG_0609.png","contentUrl":"https:\/\/ottella.zerotredici.app\/wp-content\/uploads\/2025\/05\/Nasomatto-bt-scont-IMG_0609.png","width":520,"height":1300},{"@type":"BreadcrumbList","@id":"https:\/\/ottella.zerotredici.app\/de\/weine\/nasomatto\/#breadcrumb","itemListElement":[{"@type":"ListItem","position":1,"name":"Home","item":"https:\/\/ottella.zerotredici.app\/de\/"},{"@type":"ListItem","position":2,"name":"Weine","item":"https:\/\/ottella.zerotredici.app\/de\/vini\/"},{"@type":"ListItem","position":3,"name":"Nasomatto"}]},{"@type":"WebSite","@id":"https:\/\/ottella.zerotredici.app\/de\/#website","url":"https:\/\/ottella.zerotredici.app\/de\/","name":"Ottella","description":"","potentialAction":[{"@type":"SearchAction","target":{"@type":"EntryPoint","urlTemplate":"https:\/\/ottella.zerotredici.app\/de\/?s={search_term_string}"},"query-input":{"@type":"PropertyValueSpecification","valueRequired":true,"valueName":"search_term_string"}}],"inLanguage":"de"}]}},"wps_subtitle":"VINO BIANCO <i>Wei\u00dfwein<\/i>","_links":{"self":[{"href":"https:\/\/ottella.zerotredici.app\/de\/wp-json\/wp\/v2\/pages\/1547","targetHints":{"allow":["GET"]}}],"collection":[{"href":"https:\/\/ottella.zerotredici.app\/de\/wp-json\/wp\/v2\/pages"}],"about":[{"href":"https:\/\/ottella.zerotredici.app\/de\/wp-json\/wp\/v2\/types\/page"}],"author":[{"embeddable":true,"href":"https:\/\/ottella.zerotredici.app\/de\/wp-json\/wp\/v2\/users\/1"}],"replies":[{"embeddable":true,"href":"https:\/\/ottella.zerotredici.app\/de\/wp-json\/wp\/v2\/comments?post=1547"}],"version-history":[{"count":10,"href":"https:\/\/ottella.zerotredici.app\/de\/wp-json\/wp\/v2\/pages\/1547\/revisions"}],"predecessor-version":[{"id":4236,"href":"https:\/\/ottella.zerotredici.app\/de\/wp-json\/wp\/v2\/pages\/1547\/revisions\/4236"}],"up":[{"embeddable":true,"href":"https:\/\/ottella.zerotredici.app\/de\/wp-json\/wp\/v2\/pages\/1542"}],"wp:featuredmedia":[{"embeddable":true,"href":"https:\/\/ottella.zerotredici.app\/de\/wp-json\/wp\/v2\/media\/4088"}],"wp:attachment":[{"href":"https:\/\/ottella.zerotredici.app\/de\/wp-json\/wp\/v2\/media?parent=1547"}],"curies":[{"name":"wp","href":"https:\/\/api.w.org\/{rel}","templated":true}]}}