{"id":1554,"date":"2022-03-10T11:00:17","date_gmt":"2022-03-10T10:00:17","guid":{"rendered":"https:\/\/ottella.zerotredici.app\/vini\/grappa\/"},"modified":"2025-05-15T14:49:06","modified_gmt":"2025-05-15T12:49:06","slug":"grappa","status":"publish","type":"page","link":"https:\/\/ottella.zerotredici.app\/de\/weine\/grappa\/","title":{"rendered":"Grappa"},"content":{"rendered":"","protected":false},"excerpt":{"rendered":"<p>Mit den besten Trestern des Lugana aus den alten Weinbergen des Landwirtschaftsbetriebs Ottella, mit \u00e4u\u00dferst geringf\u00fcgigem Schwefelgehalt vinifiziert. Diese Grappas sind der vornehme Ausdruck eines \u201eeinfachen\u201c Produkts und werden nach einem strengen Protokoll gem\u00e4\u00df den Vorgaben des Meisters Vittorio Capovilla, der unbestrittenen Nummer eins der Destillation h\u00f6chster Qualit\u00e4t, angesetzt und destilliert. Seine ganze Philosophie kommt in einem einfachen Konzept zum Ausdruck: \u201eWenn ich von einem herausragenden Grundstoff ausgehen, liegt die einzige Gefahr darin, ihn zu verderben. Der Grundstoff kommt vor allem anderen, danach kommt der Rest\u201c.<\/p>\n","protected":false},"author":1,"featured_media":875,"parent":1542,"menu_order":17,"comment_status":"closed","ping_status":"closed","template":"page_SINGLE_WINE.php","meta":{"_acf_changed":false,"footnotes":""},"class_list":["post-1554","page","type-page","status-publish","has-post-thumbnail","hentry"],"acf":[],"yoast_head":"<!-- This site is optimized with the Yoast SEO plugin v23.9 - https:\/\/yoast.com\/wordpress\/plugins\/seo\/ -->\n<title>Grappa aus Lugana | Cantina Ottella<\/title>\n<meta name=\"description\" content=\"Der Grappa von Cantina Ottella wird mit liebevoller Aufmerksamkeit aus besten Lugana-Trestern destilliert und ergibt ein Spitzenprodukt. Jetzt entdecken.\" \/>\n<meta name=\"robots\" content=\"index, follow, max-snippet:-1, max-image-preview:large, max-video-preview:-1\" \/>\n<link rel=\"canonical\" href=\"https:\/\/ottella.zerotredici.app\/de\/weine\/grappa\/\" \/>\n<meta property=\"og:locale\" content=\"de_DE\" \/>\n<meta property=\"og:type\" content=\"article\" \/>\n<meta property=\"og:title\" content=\"Grappa aus Lugana | Cantina Ottella\" \/>\n<meta property=\"og:description\" content=\"Der Grappa von Cantina Ottella wird mit liebevoller Aufmerksamkeit aus besten Lugana-Trestern destilliert und ergibt ein Spitzenprodukt. Jetzt entdecken.\" \/>\n<meta property=\"og:url\" content=\"https:\/\/ottella.zerotredici.app\/de\/weine\/grappa\/\" \/>\n<meta property=\"og:site_name\" content=\"Ottella\" \/>\n<meta property=\"article:modified_time\" content=\"2025-05-15T12:49:06+00:00\" \/>\n<meta property=\"og:image\" content=\"https:\/\/ottella.zerotredici.app\/wp-content\/uploads\/2022\/03\/GRAPPA-2.png\" \/>\n\t<meta property=\"og:image:width\" content=\"520\" \/>\n\t<meta property=\"og:image:height\" content=\"1300\" \/>\n\t<meta property=\"og:image:type\" content=\"image\/png\" \/>\n<meta name=\"twitter:card\" content=\"summary_large_image\" \/>\n<script type=\"application\/ld+json\" class=\"yoast-schema-graph\">{\"@context\":\"https:\/\/schema.org\",\"@graph\":[{\"@type\":\"WebPage\",\"@id\":\"https:\/\/ottella.zerotredici.app\/de\/weine\/grappa\/\",\"url\":\"https:\/\/ottella.zerotredici.app\/de\/weine\/grappa\/\",\"name\":\"Grappa aus Lugana | Cantina Ottella\",\"isPartOf\":{\"@id\":\"https:\/\/ottella.zerotredici.app\/de\/#website\"},\"primaryImageOfPage\":{\"@id\":\"https:\/\/ottella.zerotredici.app\/de\/weine\/grappa\/#primaryimage\"},\"image\":{\"@id\":\"https:\/\/ottella.zerotredici.app\/de\/weine\/grappa\/#primaryimage\"},\"thumbnailUrl\":\"https:\/\/ottella.zerotredici.app\/wp-content\/uploads\/2022\/03\/GRAPPA-2.png\",\"datePublished\":\"2022-03-10T10:00:17+00:00\",\"dateModified\":\"2025-05-15T12:49:06+00:00\",\"description\":\"Der Grappa von Cantina Ottella wird mit liebevoller Aufmerksamkeit aus besten Lugana-Trestern destilliert und ergibt ein Spitzenprodukt. Jetzt entdecken.\",\"breadcrumb\":{\"@id\":\"https:\/\/ottella.zerotredici.app\/de\/weine\/grappa\/#breadcrumb\"},\"inLanguage\":\"de\",\"potentialAction\":[{\"@type\":\"ReadAction\",\"target\":[\"https:\/\/ottella.zerotredici.app\/de\/weine\/grappa\/\"]}]},{\"@type\":\"ImageObject\",\"inLanguage\":\"de\",\"@id\":\"https:\/\/ottella.zerotredici.app\/de\/weine\/grappa\/#primaryimage\",\"url\":\"https:\/\/ottella.zerotredici.app\/wp-content\/uploads\/2022\/03\/GRAPPA-2.png\",\"contentUrl\":\"https:\/\/ottella.zerotredici.app\/wp-content\/uploads\/2022\/03\/GRAPPA-2.png\",\"width\":520,\"height\":1300,\"caption\":\"Grappa\"},{\"@type\":\"BreadcrumbList\",\"@id\":\"https:\/\/ottella.zerotredici.app\/de\/weine\/grappa\/#breadcrumb\",\"itemListElement\":[{\"@type\":\"ListItem\",\"position\":1,\"name\":\"Home\",\"item\":\"https:\/\/ottella.zerotredici.app\/de\/\"},{\"@type\":\"ListItem\",\"position\":2,\"name\":\"Weine\",\"item\":\"https:\/\/ottella.zerotredici.app\/de\/vini\/\"},{\"@type\":\"ListItem\",\"position\":3,\"name\":\"Grappa\"}]},{\"@type\":\"WebSite\",\"@id\":\"https:\/\/ottella.zerotredici.app\/de\/#website\",\"url\":\"https:\/\/ottella.zerotredici.app\/de\/\",\"name\":\"Ottella\",\"description\":\"\",\"potentialAction\":[{\"@type\":\"SearchAction\",\"target\":{\"@type\":\"EntryPoint\",\"urlTemplate\":\"https:\/\/ottella.zerotredici.app\/de\/?s={search_term_string}\"},\"query-input\":{\"@type\":\"PropertyValueSpecification\",\"valueRequired\":true,\"valueName\":\"search_term_string\"}}],\"inLanguage\":\"de\"}]}<\/script>\n<!-- \/ Yoast SEO plugin. -->","yoast_head_json":{"title":"Grappa aus Lugana | Cantina Ottella","description":"Der Grappa von Cantina Ottella wird mit liebevoller Aufmerksamkeit aus besten Lugana-Trestern destilliert und ergibt ein Spitzenprodukt. Jetzt entdecken.","robots":{"index":"index","follow":"follow","max-snippet":"max-snippet:-1","max-image-preview":"max-image-preview:large","max-video-preview":"max-video-preview:-1"},"canonical":"https:\/\/ottella.zerotredici.app\/de\/weine\/grappa\/","og_locale":"de_DE","og_type":"article","og_title":"Grappa aus Lugana | Cantina Ottella","og_description":"Der Grappa von Cantina Ottella wird mit liebevoller Aufmerksamkeit aus besten Lugana-Trestern destilliert und ergibt ein Spitzenprodukt. Jetzt entdecken.","og_url":"https:\/\/ottella.zerotredici.app\/de\/weine\/grappa\/","og_site_name":"Ottella","article_modified_time":"2025-05-15T12:49:06+00:00","og_image":[{"width":520,"height":1300,"url":"https:\/\/ottella.zerotredici.app\/wp-content\/uploads\/2022\/03\/GRAPPA-2.png","type":"image\/png"}],"twitter_card":"summary_large_image","schema":{"@context":"https:\/\/schema.org","@graph":[{"@type":"WebPage","@id":"https:\/\/ottella.zerotredici.app\/de\/weine\/grappa\/","url":"https:\/\/ottella.zerotredici.app\/de\/weine\/grappa\/","name":"Grappa aus Lugana | Cantina Ottella","isPartOf":{"@id":"https:\/\/ottella.zerotredici.app\/de\/#website"},"primaryImageOfPage":{"@id":"https:\/\/ottella.zerotredici.app\/de\/weine\/grappa\/#primaryimage"},"image":{"@id":"https:\/\/ottella.zerotredici.app\/de\/weine\/grappa\/#primaryimage"},"thumbnailUrl":"https:\/\/ottella.zerotredici.app\/wp-content\/uploads\/2022\/03\/GRAPPA-2.png","datePublished":"2022-03-10T10:00:17+00:00","dateModified":"2025-05-15T12:49:06+00:00","description":"Der Grappa von Cantina Ottella wird mit liebevoller Aufmerksamkeit aus besten Lugana-Trestern destilliert und ergibt ein Spitzenprodukt. Jetzt entdecken.","breadcrumb":{"@id":"https:\/\/ottella.zerotredici.app\/de\/weine\/grappa\/#breadcrumb"},"inLanguage":"de","potentialAction":[{"@type":"ReadAction","target":["https:\/\/ottella.zerotredici.app\/de\/weine\/grappa\/"]}]},{"@type":"ImageObject","inLanguage":"de","@id":"https:\/\/ottella.zerotredici.app\/de\/weine\/grappa\/#primaryimage","url":"https:\/\/ottella.zerotredici.app\/wp-content\/uploads\/2022\/03\/GRAPPA-2.png","contentUrl":"https:\/\/ottella.zerotredici.app\/wp-content\/uploads\/2022\/03\/GRAPPA-2.png","width":520,"height":1300,"caption":"Grappa"},{"@type":"BreadcrumbList","@id":"https:\/\/ottella.zerotredici.app\/de\/weine\/grappa\/#breadcrumb","itemListElement":[{"@type":"ListItem","position":1,"name":"Home","item":"https:\/\/ottella.zerotredici.app\/de\/"},{"@type":"ListItem","position":2,"name":"Weine","item":"https:\/\/ottella.zerotredici.app\/de\/vini\/"},{"@type":"ListItem","position":3,"name":"Grappa"}]},{"@type":"WebSite","@id":"https:\/\/ottella.zerotredici.app\/de\/#website","url":"https:\/\/ottella.zerotredici.app\/de\/","name":"Ottella","description":"","potentialAction":[{"@type":"SearchAction","target":{"@type":"EntryPoint","urlTemplate":"https:\/\/ottella.zerotredici.app\/de\/?s={search_term_string}"},"query-input":{"@type":"PropertyValueSpecification","valueRequired":true,"valueName":"search_term_string"}}],"inLanguage":"de"}]}},"wps_subtitle":"Grappa di Lugana <i>DOC Kontrollierte Ursprungsbezeichnung<\/i>","_links":{"self":[{"href":"https:\/\/ottella.zerotredici.app\/de\/wp-json\/wp\/v2\/pages\/1554","targetHints":{"allow":["GET"]}}],"collection":[{"href":"https:\/\/ottella.zerotredici.app\/de\/wp-json\/wp\/v2\/pages"}],"about":[{"href":"https:\/\/ottella.zerotredici.app\/de\/wp-json\/wp\/v2\/types\/page"}],"author":[{"embeddable":true,"href":"https:\/\/ottella.zerotredici.app\/de\/wp-json\/wp\/v2\/users\/1"}],"replies":[{"embeddable":true,"href":"https:\/\/ottella.zerotredici.app\/de\/wp-json\/wp\/v2\/comments?post=1554"}],"version-history":[{"count":7,"href":"https:\/\/ottella.zerotredici.app\/de\/wp-json\/wp\/v2\/pages\/1554\/revisions"}],"predecessor-version":[{"id":4237,"href":"https:\/\/ottella.zerotredici.app\/de\/wp-json\/wp\/v2\/pages\/1554\/revisions\/4237"}],"up":[{"embeddable":true,"href":"https:\/\/ottella.zerotredici.app\/de\/wp-json\/wp\/v2\/pages\/1542"}],"wp:featuredmedia":[{"embeddable":true,"href":"https:\/\/ottella.zerotredici.app\/de\/wp-json\/wp\/v2\/media\/875"}],"wp:attachment":[{"href":"https:\/\/ottella.zerotredici.app\/de\/wp-json\/wp\/v2\/media?parent=1554"}],"curies":[{"name":"wp","href":"https:\/\/api.w.org\/{rel}","templated":true}]}}