{"id":1555,"date":"2022-03-03T15:17:24","date_gmt":"2022-03-03T14:17:24","guid":{"rendered":"https:\/\/ottella.zerotredici.app\/vini\/olio\/"},"modified":"2025-05-12T12:05:38","modified_gmt":"2025-05-12T10:05:38","slug":"ol","status":"publish","type":"page","link":"https:\/\/ottella.zerotredici.app\/de\/weine\/ol\/","title":{"rendered":"\u00d6l"},"content":{"rendered":"","protected":false},"excerpt":{"rendered":"<p>Bei Farb\u00e4nderungsreife rein von Hand verlesene Oliven. Vor dem Pressen frisch, entbl\u00e4ttert und gewaschen. Natives Oliven\u00f6l extra von au\u00dferordentlicher Feinheit mit sehr verhaltener S\u00e4ure. Duft mit zarten gr\u00fcnen Noten von Wiesengras und Ankl\u00e4ngen von Kr\u00e4utern. Farbe mit sch\u00f6nen gr\u00fcnen Chlorphyllnoten . Der Geschmack enth\u00fcllt sich mit einem Hauch nach reifer Tomate, fast scharf und mit Ankl\u00e4ngen, die an L\u00f6wenzahl erinnern.<\/p>\n","protected":false},"author":1,"featured_media":895,"parent":1542,"menu_order":18,"comment_status":"closed","ping_status":"closed","template":"page_SINGLE_WINE.php","meta":{"_acf_changed":false,"footnotes":""},"class_list":["post-1555","page","type-page","status-publish","has-post-thumbnail","hentry"],"acf":[],"yoast_head":"<!-- This site is optimized with the Yoast SEO plugin v23.9 - https:\/\/yoast.com\/wordpress\/plugins\/seo\/ -->\n<title>Natives Oliven\u00f6l extra vom Gardasee | Cantina Ottella<\/title>\n<meta name=\"description\" content=\"Aromatisch und mit geringem S\u00e4uregehalt: das native Oliven\u00f6l extra vom Gardasee von Ottella stammt aus der kalten Pressung der besten handverlesenen Oliven.\" \/>\n<meta name=\"robots\" content=\"index, follow, max-snippet:-1, max-image-preview:large, max-video-preview:-1\" \/>\n<link rel=\"canonical\" href=\"https:\/\/ottella.zerotredici.app\/de\/weine\/ol\/\" \/>\n<meta property=\"og:locale\" content=\"de_DE\" \/>\n<meta property=\"og:type\" content=\"article\" \/>\n<meta property=\"og:title\" content=\"Natives Oliven\u00f6l extra vom Gardasee | Cantina Ottella\" \/>\n<meta property=\"og:description\" content=\"Aromatisch und mit geringem S\u00e4uregehalt: das native Oliven\u00f6l extra vom Gardasee von Ottella stammt aus der kalten Pressung der besten handverlesenen Oliven.\" \/>\n<meta property=\"og:url\" content=\"https:\/\/ottella.zerotredici.app\/de\/weine\/ol\/\" \/>\n<meta property=\"og:site_name\" content=\"Ottella\" \/>\n<meta property=\"article:modified_time\" content=\"2025-05-12T10:05:38+00:00\" \/>\n<meta property=\"og:image\" content=\"https:\/\/ottella.zerotredici.app\/wp-content\/uploads\/2022\/03\/OLIO.png\" \/>\n\t<meta property=\"og:image:width\" content=\"521\" \/>\n\t<meta property=\"og:image:height\" content=\"1301\" \/>\n\t<meta property=\"og:image:type\" content=\"image\/png\" \/>\n<meta name=\"twitter:card\" content=\"summary_large_image\" \/>\n<script type=\"application\/ld+json\" class=\"yoast-schema-graph\">{\"@context\":\"https:\/\/schema.org\",\"@graph\":[{\"@type\":\"WebPage\",\"@id\":\"https:\/\/ottella.zerotredici.app\/de\/weine\/ol\/\",\"url\":\"https:\/\/ottella.zerotredici.app\/de\/weine\/ol\/\",\"name\":\"Natives Oliven\u00f6l extra vom Gardasee | Cantina Ottella\",\"isPartOf\":{\"@id\":\"https:\/\/ottella.zerotredici.app\/de\/#website\"},\"primaryImageOfPage\":{\"@id\":\"https:\/\/ottella.zerotredici.app\/de\/weine\/ol\/#primaryimage\"},\"image\":{\"@id\":\"https:\/\/ottella.zerotredici.app\/de\/weine\/ol\/#primaryimage\"},\"thumbnailUrl\":\"https:\/\/ottella.zerotredici.app\/wp-content\/uploads\/2022\/03\/OLIO.png\",\"datePublished\":\"2022-03-03T14:17:24+00:00\",\"dateModified\":\"2025-05-12T10:05:38+00:00\",\"description\":\"Aromatisch und mit geringem S\u00e4uregehalt: das native Oliven\u00f6l extra vom Gardasee von Ottella stammt aus der kalten Pressung der besten handverlesenen Oliven.\",\"breadcrumb\":{\"@id\":\"https:\/\/ottella.zerotredici.app\/de\/weine\/ol\/#breadcrumb\"},\"inLanguage\":\"de\",\"potentialAction\":[{\"@type\":\"ReadAction\",\"target\":[\"https:\/\/ottella.zerotredici.app\/de\/weine\/ol\/\"]}]},{\"@type\":\"ImageObject\",\"inLanguage\":\"de\",\"@id\":\"https:\/\/ottella.zerotredici.app\/de\/weine\/ol\/#primaryimage\",\"url\":\"https:\/\/ottella.zerotredici.app\/wp-content\/uploads\/2022\/03\/OLIO.png\",\"contentUrl\":\"https:\/\/ottella.zerotredici.app\/wp-content\/uploads\/2022\/03\/OLIO.png\",\"width\":521,\"height\":1301,\"caption\":\"Olio\"},{\"@type\":\"BreadcrumbList\",\"@id\":\"https:\/\/ottella.zerotredici.app\/de\/weine\/ol\/#breadcrumb\",\"itemListElement\":[{\"@type\":\"ListItem\",\"position\":1,\"name\":\"Home\",\"item\":\"https:\/\/ottella.zerotredici.app\/de\/\"},{\"@type\":\"ListItem\",\"position\":2,\"name\":\"Weine\",\"item\":\"https:\/\/ottella.zerotredici.app\/de\/vini\/\"},{\"@type\":\"ListItem\",\"position\":3,\"name\":\"\u00d6l\"}]},{\"@type\":\"WebSite\",\"@id\":\"https:\/\/ottella.zerotredici.app\/de\/#website\",\"url\":\"https:\/\/ottella.zerotredici.app\/de\/\",\"name\":\"Ottella\",\"description\":\"\",\"potentialAction\":[{\"@type\":\"SearchAction\",\"target\":{\"@type\":\"EntryPoint\",\"urlTemplate\":\"https:\/\/ottella.zerotredici.app\/de\/?s={search_term_string}\"},\"query-input\":{\"@type\":\"PropertyValueSpecification\",\"valueRequired\":true,\"valueName\":\"search_term_string\"}}],\"inLanguage\":\"de\"}]}<\/script>\n<!-- \/ Yoast SEO plugin. -->","yoast_head_json":{"title":"Natives Oliven\u00f6l extra vom Gardasee | Cantina Ottella","description":"Aromatisch und mit geringem S\u00e4uregehalt: das native Oliven\u00f6l extra vom Gardasee von Ottella stammt aus der kalten Pressung der besten handverlesenen Oliven.","robots":{"index":"index","follow":"follow","max-snippet":"max-snippet:-1","max-image-preview":"max-image-preview:large","max-video-preview":"max-video-preview:-1"},"canonical":"https:\/\/ottella.zerotredici.app\/de\/weine\/ol\/","og_locale":"de_DE","og_type":"article","og_title":"Natives Oliven\u00f6l extra vom Gardasee | Cantina Ottella","og_description":"Aromatisch und mit geringem S\u00e4uregehalt: das native Oliven\u00f6l extra vom Gardasee von Ottella stammt aus der kalten Pressung der besten handverlesenen Oliven.","og_url":"https:\/\/ottella.zerotredici.app\/de\/weine\/ol\/","og_site_name":"Ottella","article_modified_time":"2025-05-12T10:05:38+00:00","og_image":[{"width":521,"height":1301,"url":"https:\/\/ottella.zerotredici.app\/wp-content\/uploads\/2022\/03\/OLIO.png","type":"image\/png"}],"twitter_card":"summary_large_image","schema":{"@context":"https:\/\/schema.org","@graph":[{"@type":"WebPage","@id":"https:\/\/ottella.zerotredici.app\/de\/weine\/ol\/","url":"https:\/\/ottella.zerotredici.app\/de\/weine\/ol\/","name":"Natives Oliven\u00f6l extra vom Gardasee | Cantina Ottella","isPartOf":{"@id":"https:\/\/ottella.zerotredici.app\/de\/#website"},"primaryImageOfPage":{"@id":"https:\/\/ottella.zerotredici.app\/de\/weine\/ol\/#primaryimage"},"image":{"@id":"https:\/\/ottella.zerotredici.app\/de\/weine\/ol\/#primaryimage"},"thumbnailUrl":"https:\/\/ottella.zerotredici.app\/wp-content\/uploads\/2022\/03\/OLIO.png","datePublished":"2022-03-03T14:17:24+00:00","dateModified":"2025-05-12T10:05:38+00:00","description":"Aromatisch und mit geringem S\u00e4uregehalt: das native Oliven\u00f6l extra vom Gardasee von Ottella stammt aus der kalten Pressung der besten handverlesenen Oliven.","breadcrumb":{"@id":"https:\/\/ottella.zerotredici.app\/de\/weine\/ol\/#breadcrumb"},"inLanguage":"de","potentialAction":[{"@type":"ReadAction","target":["https:\/\/ottella.zerotredici.app\/de\/weine\/ol\/"]}]},{"@type":"ImageObject","inLanguage":"de","@id":"https:\/\/ottella.zerotredici.app\/de\/weine\/ol\/#primaryimage","url":"https:\/\/ottella.zerotredici.app\/wp-content\/uploads\/2022\/03\/OLIO.png","contentUrl":"https:\/\/ottella.zerotredici.app\/wp-content\/uploads\/2022\/03\/OLIO.png","width":521,"height":1301,"caption":"Olio"},{"@type":"BreadcrumbList","@id":"https:\/\/ottella.zerotredici.app\/de\/weine\/ol\/#breadcrumb","itemListElement":[{"@type":"ListItem","position":1,"name":"Home","item":"https:\/\/ottella.zerotredici.app\/de\/"},{"@type":"ListItem","position":2,"name":"Weine","item":"https:\/\/ottella.zerotredici.app\/de\/vini\/"},{"@type":"ListItem","position":3,"name":"\u00d6l"}]},{"@type":"WebSite","@id":"https:\/\/ottella.zerotredici.app\/de\/#website","url":"https:\/\/ottella.zerotredici.app\/de\/","name":"Ottella","description":"","potentialAction":[{"@type":"SearchAction","target":{"@type":"EntryPoint","urlTemplate":"https:\/\/ottella.zerotredici.app\/de\/?s={search_term_string}"},"query-input":{"@type":"PropertyValueSpecification","valueRequired":true,"valueName":"search_term_string"}}],"inLanguage":"de"}]}},"wps_subtitle":"Extra Vergine di Oliva","_links":{"self":[{"href":"https:\/\/ottella.zerotredici.app\/de\/wp-json\/wp\/v2\/pages\/1555","targetHints":{"allow":["GET"]}}],"collection":[{"href":"https:\/\/ottella.zerotredici.app\/de\/wp-json\/wp\/v2\/pages"}],"about":[{"href":"https:\/\/ottella.zerotredici.app\/de\/wp-json\/wp\/v2\/types\/page"}],"author":[{"embeddable":true,"href":"https:\/\/ottella.zerotredici.app\/de\/wp-json\/wp\/v2\/users\/1"}],"replies":[{"embeddable":true,"href":"https:\/\/ottella.zerotredici.app\/de\/wp-json\/wp\/v2\/comments?post=1555"}],"version-history":[{"count":7,"href":"https:\/\/ottella.zerotredici.app\/de\/wp-json\/wp\/v2\/pages\/1555\/revisions"}],"predecessor-version":[{"id":4144,"href":"https:\/\/ottella.zerotredici.app\/de\/wp-json\/wp\/v2\/pages\/1555\/revisions\/4144"}],"up":[{"embeddable":true,"href":"https:\/\/ottella.zerotredici.app\/de\/wp-json\/wp\/v2\/pages\/1542"}],"wp:featuredmedia":[{"embeddable":true,"href":"https:\/\/ottella.zerotredici.app\/de\/wp-json\/wp\/v2\/media\/895"}],"wp:attachment":[{"href":"https:\/\/ottella.zerotredici.app\/de\/wp-json\/wp\/v2\/media?parent=1555"}],"curies":[{"name":"wp","href":"https:\/\/api.w.org\/{rel}","templated":true}]}}