{"id":4202,"date":"2025-04-07T10:55:50","date_gmt":"2025-04-07T08:55:50","guid":{"rendered":"https:\/\/ottella.zerotredici.app\/wine-experience\/"},"modified":"2025-05-14T09:23:19","modified_gmt":"2025-05-14T07:23:19","slug":"wine-experience","status":"publish","type":"page","link":"https:\/\/ottella.zerotredici.app\/de\/wine-experience\/","title":{"rendered":"Wine Experience"},"content":{"rendered":"<p> Vier Erlebnisse f\u00fcr alle, die Wein auf authentische und stilvolle Weise genie\u00dfen m\u00f6chten.<br \/>\n<br \/>\nGef\u00fchrte Touren, Verkostungen und Geschichten \u00fcber das Terroir \u2013 an einem Ort, an dem jedes Detail von Sch\u00f6nheit und Leidenschaft erz\u00e4hlt.<br \/>\nW\u00e4hlen Sie das Erlebnis, das am besten zu Ihnen passt.<\/p>\n","protected":false},"excerpt":{"rendered":"<p>Vier Erlebnisse f\u00fcr alle, die Wein auf authentische und stilvolle Weise genie\u00dfen m\u00f6chten. Gef\u00fchrte Touren, Verkostungen und Geschichten \u00fcber das Terroir \u2013 an einem Ort, an dem jedes Detail von Sch\u00f6nheit und Leidenschaft erz\u00e4hlt. W\u00e4hlen Sie das Erlebnis, das am besten zu Ihnen passt.<\/p>\n","protected":false},"author":1,"featured_media":0,"parent":0,"menu_order":0,"comment_status":"closed","ping_status":"closed","template":"page_WINE_SUITE.php","meta":{"_acf_changed":false,"footnotes":""},"class_list":["post-4202","page","type-page","status-publish","hentry"],"acf":[],"yoast_head":"<!-- This site is optimized with the Yoast SEO plugin v23.9 - https:\/\/yoast.com\/wordpress\/plugins\/seo\/ -->\n<title>Wine Experience - Ottella<\/title>\n<meta name=\"robots\" content=\"index, follow, max-snippet:-1, max-image-preview:large, max-video-preview:-1\" \/>\n<link rel=\"canonical\" href=\"https:\/\/ottella.zerotredici.app\/de\/wine-experience\/\" \/>\n<meta property=\"og:locale\" content=\"de_DE\" \/>\n<meta property=\"og:type\" content=\"article\" \/>\n<meta property=\"og:title\" content=\"Wine Experience - Ottella\" \/>\n<meta property=\"og:description\" content=\"Vier Erlebnisse f\u00fcr alle, die Wein auf authentische und stilvolle Weise genie\u00dfen m\u00f6chten. Gef\u00fchrte Touren, Verkostungen und Geschichten \u00fcber das Terroir \u2013 an einem Ort, an dem jedes Detail von Sch\u00f6nheit und Leidenschaft erz\u00e4hlt. W\u00e4hlen Sie das Erlebnis, das am besten zu Ihnen passt.\" \/>\n<meta property=\"og:url\" content=\"https:\/\/ottella.zerotredici.app\/de\/wine-experience\/\" \/>\n<meta property=\"og:site_name\" content=\"Ottella\" \/>\n<meta property=\"article:modified_time\" content=\"2025-05-14T07:23:19+00:00\" \/>\n<meta name=\"twitter:card\" content=\"summary_large_image\" \/>\n<script type=\"application\/ld+json\" class=\"yoast-schema-graph\">{\"@context\":\"https:\/\/schema.org\",\"@graph\":[{\"@type\":\"WebPage\",\"@id\":\"https:\/\/ottella.zerotredici.app\/de\/wine-experience\/\",\"url\":\"https:\/\/ottella.zerotredici.app\/de\/wine-experience\/\",\"name\":\"Wine Experience - Ottella\",\"isPartOf\":{\"@id\":\"https:\/\/ottella.zerotredici.app\/de\/#website\"},\"datePublished\":\"2025-04-07T08:55:50+00:00\",\"dateModified\":\"2025-05-14T07:23:19+00:00\",\"breadcrumb\":{\"@id\":\"https:\/\/ottella.zerotredici.app\/de\/wine-experience\/#breadcrumb\"},\"inLanguage\":\"de\",\"potentialAction\":[{\"@type\":\"ReadAction\",\"target\":[\"https:\/\/ottella.zerotredici.app\/de\/wine-experience\/\"]}]},{\"@type\":\"BreadcrumbList\",\"@id\":\"https:\/\/ottella.zerotredici.app\/de\/wine-experience\/#breadcrumb\",\"itemListElement\":[{\"@type\":\"ListItem\",\"position\":1,\"name\":\"Home\",\"item\":\"https:\/\/ottella.zerotredici.app\/de\/\"},{\"@type\":\"ListItem\",\"position\":2,\"name\":\"Wine Experience\"}]},{\"@type\":\"WebSite\",\"@id\":\"https:\/\/ottella.zerotredici.app\/de\/#website\",\"url\":\"https:\/\/ottella.zerotredici.app\/de\/\",\"name\":\"Ottella\",\"description\":\"\",\"potentialAction\":[{\"@type\":\"SearchAction\",\"target\":{\"@type\":\"EntryPoint\",\"urlTemplate\":\"https:\/\/ottella.zerotredici.app\/de\/?s={search_term_string}\"},\"query-input\":{\"@type\":\"PropertyValueSpecification\",\"valueRequired\":true,\"valueName\":\"search_term_string\"}}],\"inLanguage\":\"de\"}]}<\/script>\n<!-- \/ Yoast SEO plugin. -->","yoast_head_json":{"title":"Wine Experience - Ottella","robots":{"index":"index","follow":"follow","max-snippet":"max-snippet:-1","max-image-preview":"max-image-preview:large","max-video-preview":"max-video-preview:-1"},"canonical":"https:\/\/ottella.zerotredici.app\/de\/wine-experience\/","og_locale":"de_DE","og_type":"article","og_title":"Wine Experience - Ottella","og_description":"Vier Erlebnisse f\u00fcr alle, die Wein auf authentische und stilvolle Weise genie\u00dfen m\u00f6chten. Gef\u00fchrte Touren, Verkostungen und Geschichten \u00fcber das Terroir \u2013 an einem Ort, an dem jedes Detail von Sch\u00f6nheit und Leidenschaft erz\u00e4hlt. W\u00e4hlen Sie das Erlebnis, das am besten zu Ihnen passt.","og_url":"https:\/\/ottella.zerotredici.app\/de\/wine-experience\/","og_site_name":"Ottella","article_modified_time":"2025-05-14T07:23:19+00:00","twitter_card":"summary_large_image","schema":{"@context":"https:\/\/schema.org","@graph":[{"@type":"WebPage","@id":"https:\/\/ottella.zerotredici.app\/de\/wine-experience\/","url":"https:\/\/ottella.zerotredici.app\/de\/wine-experience\/","name":"Wine Experience - Ottella","isPartOf":{"@id":"https:\/\/ottella.zerotredici.app\/de\/#website"},"datePublished":"2025-04-07T08:55:50+00:00","dateModified":"2025-05-14T07:23:19+00:00","breadcrumb":{"@id":"https:\/\/ottella.zerotredici.app\/de\/wine-experience\/#breadcrumb"},"inLanguage":"de","potentialAction":[{"@type":"ReadAction","target":["https:\/\/ottella.zerotredici.app\/de\/wine-experience\/"]}]},{"@type":"BreadcrumbList","@id":"https:\/\/ottella.zerotredici.app\/de\/wine-experience\/#breadcrumb","itemListElement":[{"@type":"ListItem","position":1,"name":"Home","item":"https:\/\/ottella.zerotredici.app\/de\/"},{"@type":"ListItem","position":2,"name":"Wine Experience"}]},{"@type":"WebSite","@id":"https:\/\/ottella.zerotredici.app\/de\/#website","url":"https:\/\/ottella.zerotredici.app\/de\/","name":"Ottella","description":"","potentialAction":[{"@type":"SearchAction","target":{"@type":"EntryPoint","urlTemplate":"https:\/\/ottella.zerotredici.app\/de\/?s={search_term_string}"},"query-input":{"@type":"PropertyValueSpecification","valueRequired":true,"valueName":"search_term_string"}}],"inLanguage":"de"}]}},"wps_subtitle":"","_links":{"self":[{"href":"https:\/\/ottella.zerotredici.app\/de\/wp-json\/wp\/v2\/pages\/4202","targetHints":{"allow":["GET"]}}],"collection":[{"href":"https:\/\/ottella.zerotredici.app\/de\/wp-json\/wp\/v2\/pages"}],"about":[{"href":"https:\/\/ottella.zerotredici.app\/de\/wp-json\/wp\/v2\/types\/page"}],"author":[{"embeddable":true,"href":"https:\/\/ottella.zerotredici.app\/de\/wp-json\/wp\/v2\/users\/1"}],"replies":[{"embeddable":true,"href":"https:\/\/ottella.zerotredici.app\/de\/wp-json\/wp\/v2\/comments?post=4202"}],"version-history":[{"count":1,"href":"https:\/\/ottella.zerotredici.app\/de\/wp-json\/wp\/v2\/pages\/4202\/revisions"}],"predecessor-version":[{"id":4205,"href":"https:\/\/ottella.zerotredici.app\/de\/wp-json\/wp\/v2\/pages\/4202\/revisions\/4205"}],"wp:attachment":[{"href":"https:\/\/ottella.zerotredici.app\/de\/wp-json\/wp\/v2\/media?parent=4202"}],"curies":[{"name":"wp","href":"https:\/\/api.w.org\/{rel}","templated":true}]}}